{"id":185,"date":"2019-12-20T11:08:45","date_gmt":"2019-12-20T11:08:45","guid":{"rendered":"https:\/\/ablecentre.edu.vn\/?page_id=185"},"modified":"2020-05-29T03:11:08","modified_gmt":"2020-05-29T03:11:08","slug":"tieng-anh-thieu-nhi-newbie","status":"publish","type":"page","link":"https:\/\/ablecentre.edu.vn\/?page_id=185","title":{"rendered":"Ti\u1ebfng Anh Thi\u1ebfu Nhi (Newbie)"},"content":{"rendered":"\n<p style=\"color:#ececda\" class=\"has-text-color has-background has-text-align-center has-large-font-size has-background-background-color\"><em><strong>D\u00e0nh cho tr\u1ebb em t\u1eeb 5 \u0111\u1ebfn 11 tu\u1ed5i <\/strong><\/em><\/p>\n\n\n\n<p style=\"background-color:#ececda\" class=\"has-background\">Tr\u1ebb c\u00f3 ki\u1ebfn th\u1ee9c ti\u1ebfng Anh chu\u1ea9n s\u1ebd t\u1ef1 tin \u0111\u1ec3 giao ti\u1ebfp v\u00e0 theo h\u1ecdc c\u00e1c l\u1edbp ch\u01b0\u01a1ng tr\u00ecnh ti\u1ebfng Anh t\u0103ng c\u01b0\u1eddng, ph\u1ee5 huynh c\u00f3 c\u01a1 s\u1edf \u0111\u00e1nh gi\u00e1 tr\u00ecnh \u0111\u1ed9 c\u1ee7a con ch\u00ednh x\u00e1c h\u01a1n; l\u00e0 nh\u1eefng l\u1ee3i \u00edch kh\u00f4ng th\u1ec3 ph\u1ee7 nh\u1eadn m\u00e0 c\u00e1c ch\u1ee9ng ch\u1ec9 qu\u1ed1c t\u1ebf Cambridge Starters, Movers, Flyers mang l\u1ea1i cho h\u1ecdc sinh b\u1eadc ti\u1ec3u h\u1ecdc.  \u0110\u00e2y c\u0169ng l\u00e0 s\u1ef1 ti\u1ebfp c\u1eadn c\u1ea7n thi\u1ebft v\u00e0 r\u1ea5t quan tr\u1ecdng gi\u00fap tr\u1ebb x\u00e2y d\u1ef1ng n\u1ec1n t\u1ea3ng ki\u1ebfn th\u1ee9c Anh ng\u1eef chu\u1ea9n t\u1eeb \u0111\u1ea7u, chu\u1ea9n b\u1ecb cho ch\u1eb7ng \u0111\u01b0\u1eddng h\u1ecdc t\u1eadp cao h\u01a1n sau n\u00e0y.<\/p>\n\n\n\n<figure class=\"wp-block-image alignwide size-large\"><img loading=\"lazy\" decoding=\"async\" width=\"1024\" height=\"683\" src=\"https:\/\/ablecentre.edu.vn\/wp-content\/uploads\/2020\/02\/Newbie-1024x683.png\" alt=\"\" class=\"wp-image-396\" srcset=\"https:\/\/ablecentre.edu.vn\/wp-content\/uploads\/2020\/02\/Newbie-1024x683.png 1024w, https:\/\/ablecentre.edu.vn\/wp-content\/uploads\/2020\/02\/Newbie-300x200.png 300w, https:\/\/ablecentre.edu.vn\/wp-content\/uploads\/2020\/02\/Newbie-768x512.png 768w, https:\/\/ablecentre.edu.vn\/wp-content\/uploads\/2020\/02\/Newbie.png 1154w\" sizes=\"auto, (max-width: 1024px) 100vw, 1024px\" \/><\/figure>\n\n\n\n<p style=\"color:#ffffff;font-size:40px\" class=\"has-text-color has-background has-text-align-center has-background-background-color\"><strong>C\u01a0 S\u1ede V\u1eacT CH\u1ea4T<\/strong><\/p>\n\n\n\n<div class=\"wp-block-jetpack-tiled-gallery alignfull is-style-rectangular\"><div class=\"tiled-gallery__gallery\"><div class=\"tiled-gallery__row\"><div class=\"tiled-gallery__col\"><figure class=\"tiled-gallery__item\"><img decoding=\"async\" srcset=\"https:\/\/i0.wp.com\/ablecentre.edu.vn\/wp-content\/uploads\/2020\/02\/Able-English-center-2500px-19-of-50.jpg?strip=info&#038;w=600&#038;ssl=1 600w,https:\/\/i0.wp.com\/ablecentre.edu.vn\/wp-content\/uploads\/2020\/02\/Able-English-center-2500px-19-of-50.jpg?strip=info&#038;w=900&#038;ssl=1 900w,https:\/\/i0.wp.com\/ablecentre.edu.vn\/wp-content\/uploads\/2020\/02\/Able-English-center-2500px-19-of-50.jpg?strip=info&#038;w=1200&#038;ssl=1 1200w,https:\/\/i0.wp.com\/ablecentre.edu.vn\/wp-content\/uploads\/2020\/02\/Able-English-center-2500px-19-of-50.jpg?strip=info&#038;w=1280&#038;ssl=1 1280w\" alt=\"\" data-height=\"853\" data-id=\"392\" data-link=\"https:\/\/ablecentre.edu.vn\/?attachment_id=392\" data-url=\"https:\/\/ablecentre.edu.vn\/wp-content\/uploads\/2020\/02\/Able-English-center-2500px-19-of-50.jpg\" data-width=\"1280\" src=\"https:\/\/i0.wp.com\/ablecentre.edu.vn\/wp-content\/uploads\/2020\/02\/Able-English-center-2500px-19-of-50.jpg?ssl=1\"\/><\/figure><\/div><div class=\"tiled-gallery__col\"><figure class=\"tiled-gallery__item\"><img decoding=\"async\" srcset=\"https:\/\/i0.wp.com\/ablecentre.edu.vn\/wp-content\/uploads\/2020\/02\/Able-English-center-2500px-18-of-50.jpg?strip=info&#038;w=600&#038;ssl=1 600w,https:\/\/i0.wp.com\/ablecentre.edu.vn\/wp-content\/uploads\/2020\/02\/Able-English-center-2500px-18-of-50.jpg?strip=info&#038;w=900&#038;ssl=1 900w,https:\/\/i0.wp.com\/ablecentre.edu.vn\/wp-content\/uploads\/2020\/02\/Able-English-center-2500px-18-of-50.jpg?strip=info&#038;w=1200&#038;ssl=1 1200w,https:\/\/i0.wp.com\/ablecentre.edu.vn\/wp-content\/uploads\/2020\/02\/Able-English-center-2500px-18-of-50.jpg?strip=info&#038;w=1280&#038;ssl=1 1280w\" alt=\"\" data-height=\"853\" data-id=\"391\" data-link=\"https:\/\/ablecentre.edu.vn\/?attachment_id=391\" data-url=\"https:\/\/ablecentre.edu.vn\/wp-content\/uploads\/2020\/02\/Able-English-center-2500px-18-of-50.jpg\" data-width=\"1280\" src=\"https:\/\/i0.wp.com\/ablecentre.edu.vn\/wp-content\/uploads\/2020\/02\/Able-English-center-2500px-18-of-50.jpg?ssl=1\"\/><\/figure><figure class=\"tiled-gallery__item\"><img decoding=\"async\" srcset=\"https:\/\/i1.wp.com\/ablecentre.edu.vn\/wp-content\/uploads\/2020\/02\/Able-English-center-2500px-9-of-50.jpg?strip=info&#038;w=600&#038;ssl=1 600w,https:\/\/i1.wp.com\/ablecentre.edu.vn\/wp-content\/uploads\/2020\/02\/Able-English-center-2500px-9-of-50.jpg?strip=info&#038;w=900&#038;ssl=1 900w,https:\/\/i1.wp.com\/ablecentre.edu.vn\/wp-content\/uploads\/2020\/02\/Able-English-center-2500px-9-of-50.jpg?strip=info&#038;w=1200&#038;ssl=1 1200w,https:\/\/i1.wp.com\/ablecentre.edu.vn\/wp-content\/uploads\/2020\/02\/Able-English-center-2500px-9-of-50.jpg?strip=info&#038;w=1280&#038;ssl=1 1280w\" alt=\"\" data-height=\"853\" data-id=\"389\" data-link=\"https:\/\/ablecentre.edu.vn\/?attachment_id=389\" data-url=\"https:\/\/ablecentre.edu.vn\/wp-content\/uploads\/2020\/02\/Able-English-center-2500px-9-of-50.jpg\" data-width=\"1280\" src=\"https:\/\/i1.wp.com\/ablecentre.edu.vn\/wp-content\/uploads\/2020\/02\/Able-English-center-2500px-9-of-50.jpg?ssl=1\"\/><\/figure><\/div><\/div><\/div><\/div>\n\n\n\n<figure class=\"wp-block-gallery alignfull columns-3 is-cropped wp-block-gallery-1 is-layout-flex wp-block-gallery-is-layout-flex\"><ul class=\"blocks-gallery-grid\"><li class=\"blocks-gallery-item\"><figure><img loading=\"lazy\" decoding=\"async\" width=\"1024\" height=\"683\" src=\"https:\/\/ablecentre.edu.vn\/wp-content\/uploads\/2020\/05\/TPI314Shoot-7-of-54-1024x683.jpg\" alt=\"\" data-id=\"466\" data-full-url=\"https:\/\/ablecentre.edu.vn\/wp-content\/uploads\/2020\/05\/TPI314Shoot-7-of-54-scaled.jpg\" data-link=\"https:\/\/ablecentre.edu.vn\/?attachment_id=466\" class=\"wp-image-466\" srcset=\"https:\/\/ablecentre.edu.vn\/wp-content\/uploads\/2020\/05\/TPI314Shoot-7-of-54-1024x683.jpg 1024w, https:\/\/ablecentre.edu.vn\/wp-content\/uploads\/2020\/05\/TPI314Shoot-7-of-54-300x200.jpg 300w, https:\/\/ablecentre.edu.vn\/wp-content\/uploads\/2020\/05\/TPI314Shoot-7-of-54-768x512.jpg 768w, https:\/\/ablecentre.edu.vn\/wp-content\/uploads\/2020\/05\/TPI314Shoot-7-of-54-1536x1024.jpg 1536w, https:\/\/ablecentre.edu.vn\/wp-content\/uploads\/2020\/05\/TPI314Shoot-7-of-54-2048x1365.jpg 2048w, https:\/\/ablecentre.edu.vn\/wp-content\/uploads\/2020\/05\/TPI314Shoot-7-of-54-1200x800.jpg 1200w, https:\/\/ablecentre.edu.vn\/wp-content\/uploads\/2020\/05\/TPI314Shoot-7-of-54-1980x1320.jpg 1980w\" sizes=\"auto, (max-width: 1024px) 100vw, 1024px\" \/><\/figure><\/li><li class=\"blocks-gallery-item\"><figure><img loading=\"lazy\" decoding=\"async\" width=\"1024\" height=\"683\" src=\"https:\/\/ablecentre.edu.vn\/wp-content\/uploads\/2020\/05\/TPI314Shoot-11-of-54-1024x683.jpg\" alt=\"\" data-id=\"470\" data-full-url=\"https:\/\/ablecentre.edu.vn\/wp-content\/uploads\/2020\/05\/TPI314Shoot-11-of-54-scaled.jpg\" data-link=\"https:\/\/ablecentre.edu.vn\/?attachment_id=470\" class=\"wp-image-470\" srcset=\"https:\/\/ablecentre.edu.vn\/wp-content\/uploads\/2020\/05\/TPI314Shoot-11-of-54-1024x683.jpg 1024w, https:\/\/ablecentre.edu.vn\/wp-content\/uploads\/2020\/05\/TPI314Shoot-11-of-54-300x200.jpg 300w, https:\/\/ablecentre.edu.vn\/wp-content\/uploads\/2020\/05\/TPI314Shoot-11-of-54-768x512.jpg 768w, https:\/\/ablecentre.edu.vn\/wp-content\/uploads\/2020\/05\/TPI314Shoot-11-of-54-1536x1024.jpg 1536w, https:\/\/ablecentre.edu.vn\/wp-content\/uploads\/2020\/05\/TPI314Shoot-11-of-54-2048x1365.jpg 2048w, https:\/\/ablecentre.edu.vn\/wp-content\/uploads\/2020\/05\/TPI314Shoot-11-of-54-1200x800.jpg 1200w, https:\/\/ablecentre.edu.vn\/wp-content\/uploads\/2020\/05\/TPI314Shoot-11-of-54-1980x1320.jpg 1980w\" sizes=\"auto, (max-width: 1024px) 100vw, 1024px\" \/><\/figure><\/li><li class=\"blocks-gallery-item\"><figure><img loading=\"lazy\" decoding=\"async\" width=\"1024\" height=\"683\" src=\"https:\/\/ablecentre.edu.vn\/wp-content\/uploads\/2020\/05\/TPI314Shoot-12-of-54-1024x683.jpg\" alt=\"\" data-id=\"472\" data-full-url=\"https:\/\/ablecentre.edu.vn\/wp-content\/uploads\/2020\/05\/TPI314Shoot-12-of-54-scaled.jpg\" data-link=\"https:\/\/ablecentre.edu.vn\/?attachment_id=472\" class=\"wp-image-472\" srcset=\"https:\/\/ablecentre.edu.vn\/wp-content\/uploads\/2020\/05\/TPI314Shoot-12-of-54-1024x683.jpg 1024w, https:\/\/ablecentre.edu.vn\/wp-content\/uploads\/2020\/05\/TPI314Shoot-12-of-54-300x200.jpg 300w, https:\/\/ablecentre.edu.vn\/wp-content\/uploads\/2020\/05\/TPI314Shoot-12-of-54-768x512.jpg 768w, https:\/\/ablecentre.edu.vn\/wp-content\/uploads\/2020\/05\/TPI314Shoot-12-of-54-1536x1024.jpg 1536w, https:\/\/ablecentre.edu.vn\/wp-content\/uploads\/2020\/05\/TPI314Shoot-12-of-54-2048x1365.jpg 2048w, https:\/\/ablecentre.edu.vn\/wp-content\/uploads\/2020\/05\/TPI314Shoot-12-of-54-1200x800.jpg 1200w, https:\/\/ablecentre.edu.vn\/wp-content\/uploads\/2020\/05\/TPI314Shoot-12-of-54-1980x1320.jpg 1980w\" sizes=\"auto, (max-width: 1024px) 100vw, 1024px\" \/><\/figure><\/li><li class=\"blocks-gallery-item\"><figure><img loading=\"lazy\" decoding=\"async\" width=\"1024\" height=\"683\" src=\"https:\/\/ablecentre.edu.vn\/wp-content\/uploads\/2020\/05\/TPI314Shoot-10-of-54-1024x683.jpg\" alt=\"\" data-id=\"469\" data-full-url=\"https:\/\/ablecentre.edu.vn\/wp-content\/uploads\/2020\/05\/TPI314Shoot-10-of-54-scaled.jpg\" data-link=\"https:\/\/ablecentre.edu.vn\/?attachment_id=469\" class=\"wp-image-469\" srcset=\"https:\/\/ablecentre.edu.vn\/wp-content\/uploads\/2020\/05\/TPI314Shoot-10-of-54-1024x683.jpg 1024w, https:\/\/ablecentre.edu.vn\/wp-content\/uploads\/2020\/05\/TPI314Shoot-10-of-54-300x200.jpg 300w, https:\/\/ablecentre.edu.vn\/wp-content\/uploads\/2020\/05\/TPI314Shoot-10-of-54-768x512.jpg 768w\" sizes=\"auto, (max-width: 1024px) 100vw, 1024px\" \/><\/figure><\/li><\/ul><\/figure>\n","protected":false},"excerpt":{"rendered":"<p>D\u00e0nh cho tr\u1ebb em t\u1eeb 5 \u0111\u1ebfn 11 tu\u1ed5i Tr\u1ebb c\u00f3 ki\u1ebfn th\u1ee9c ti\u1ebfng Anh chu\u1ea9n s\u1ebd t\u1ef1 tin \u0111\u1ec3 giao ti\u1ebfp v\u00e0 theo h\u1ecdc c\u00e1c l\u1edbp ch\u01b0\u01a1ng tr\u00ecnh ti\u1ebfng Anh t\u0103ng c\u01b0\u1eddng, ph\u1ee5 huynh c\u00f3 c\u01a1 s\u1edf \u0111\u00e1nh gi\u00e1 tr\u00ecnh \u0111\u1ed9 c\u1ee7a con ch\u00ednh x\u00e1c h\u01a1n; l\u00e0 nh\u1eefng l\u1ee3i \u00edch kh\u00f4ng th\u1ec3 ph\u1ee7 nh\u1eadn [&hellip;]<\/p>\n","protected":false},"author":1,"featured_media":0,"parent":0,"menu_order":0,"comment_status":"closed","ping_status":"closed","template":"","meta":{"_exactmetrics_skip_tracking":false,"_exactmetrics_sitenote_active":false,"_exactmetrics_sitenote_note":"","_exactmetrics_sitenote_category":0,"footnotes":""},"class_list":["post-185","page","type-page","status-publish","hentry"],"jetpack_sharing_enabled":true,"_links":{"self":[{"href":"https:\/\/ablecentre.edu.vn\/index.php?rest_route=\/wp\/v2\/pages\/185","targetHints":{"allow":["GET"]}}],"collection":[{"href":"https:\/\/ablecentre.edu.vn\/index.php?rest_route=\/wp\/v2\/pages"}],"about":[{"href":"https:\/\/ablecentre.edu.vn\/index.php?rest_route=\/wp\/v2\/types\/page"}],"author":[{"embeddable":true,"href":"https:\/\/ablecentre.edu.vn\/index.php?rest_route=\/wp\/v2\/users\/1"}],"replies":[{"embeddable":true,"href":"https:\/\/ablecentre.edu.vn\/index.php?rest_route=%2Fwp%2Fv2%2Fcomments&post=185"}],"version-history":[{"count":13,"href":"https:\/\/ablecentre.edu.vn\/index.php?rest_route=\/wp\/v2\/pages\/185\/revisions"}],"predecessor-version":[{"id":473,"href":"https:\/\/ablecentre.edu.vn\/index.php?rest_route=\/wp\/v2\/pages\/185\/revisions\/473"}],"wp:attachment":[{"href":"https:\/\/ablecentre.edu.vn\/index.php?rest_route=%2Fwp%2Fv2%2Fmedia&parent=185"}],"curies":[{"name":"wp","href":"https:\/\/api.w.org\/{rel}","templated":true}]}}