{"id":190,"date":"2019-12-20T11:15:13","date_gmt":"2019-12-20T11:15:13","guid":{"rendered":"https:\/\/ablecentre.edu.vn\/?page_id=190"},"modified":"2020-02-28T03:22:02","modified_gmt":"2020-02-28T03:22:02","slug":"tieng-anh-giao-tiep","status":"publish","type":"page","link":"https:\/\/ablecentre.edu.vn\/?page_id=190","title":{"rendered":"Ti\u1ebfng Anh Giao Ti\u1ebfp (Speaking &#038; Listening)"},"content":{"rendered":"\n<p style=\"background-color:#ececda;color:#0e2f56\" class=\"has-text-color has-background\">&#8211; \u0110\u01b0\u1ee3c gi\u1ea3ng d\u1ea1y b\u1edfi c\u00e1c gi\u1ea3ng vi\u00ean c\u00f3 b\u1eb1ng c\u1ea5p, gi\u00e0u kinh nghi\u1ec7m v\u00e0 c\u00f3 h\u01a1n 2.000 gi\u1edd gi\u1ea3ng d\u1ea1y th\u1ef1c t\u1ebf.<br> &#8211; \u0110\u01b0\u1ee3c tr\u1ea3i nghi\u1ec7m ph\u01b0\u01a1ng ph\u00e1p h\u1ecdc t\u1eadp vui v\u1ebb, th\u00e2n thi\u1ec7n v\u00e0 hi\u1ec7u qu\u1ea3, \u0111\u01b0\u1ee3c h\u1ed7 tr\u1ee3 b\u1edfi nh\u1eefng c\u00f4ng ngh\u1ec7 l\u1edbp h\u1ecdc ti\u00ean ti\u1ebfn.<br> &#8211; \u0110\u01b0\u1ee3c h\u1ecdc c\u00e1ch x\u00e2y d\u1ef1ng v\u00e0 ph\u00e1t tri\u1ec3n c\u00e1c k\u1ef9 n\u0103ng suy ngh\u0129 b\u1eb1ng ti\u1ebfng Anh, h\u1ecdc s\u1eed d\u1ee5ng ti\u1ebfng Anh trong t\u00ecnh hu\u1ed1ng h\u00e0ng ng\u00e0y. <br> &#8211; Ngo\u00e0i ra, h\u1ecdc vi\u00ean c\u00f2n h\u1ecdc \u0111\u01b0\u1ee3c s\u1ef1 t\u1ef1 tin v\u00e0 c\u00e1c k\u1ef9 n\u0103ng c\u1ea7n thi\u1ebft \u0111\u1ec3 vi\u1ebft email hay th\u01b0 tay theo ki\u1ec3u trang tr\u1ecdng hay th\u00e2n m\u1eadt v\u00e0 \u00e1p d\u1ee5ng trong t\u00ecnh hu\u1ed1ng th\u1ef1c t\u1ebf.<\/p>\n\n\n\n<figure class=\"wp-block-image alignwide size-large\"><img loading=\"lazy\" decoding=\"async\" width=\"1024\" height=\"683\" src=\"https:\/\/ablecentre.edu.vn\/wp-content\/uploads\/2020\/02\/sl-1024x683.png\" alt=\"\" class=\"wp-image-414\" srcset=\"https:\/\/ablecentre.edu.vn\/wp-content\/uploads\/2020\/02\/sl-1024x683.png 1024w, https:\/\/ablecentre.edu.vn\/wp-content\/uploads\/2020\/02\/sl-300x200.png 300w, https:\/\/ablecentre.edu.vn\/wp-content\/uploads\/2020\/02\/sl-768x512.png 768w, https:\/\/ablecentre.edu.vn\/wp-content\/uploads\/2020\/02\/sl.png 1153w\" sizes=\"auto, (max-width: 1024px) 100vw, 1024px\" \/><\/figure>\n\n\n\n<p style=\"color:#efefef;font-size:40px\" class=\"has-text-color has-text-align-center\"><strong>C\u01a0 S\u1ede V\u1eacT CH\u1ea4T<\/strong><\/p>\n\n\n\n<div class=\"wp-block-jetpack-tiled-gallery alignfull is-style-rectangular\"><div class=\"tiled-gallery__gallery\"><div class=\"tiled-gallery__row\"><div class=\"tiled-gallery__col\"><figure class=\"tiled-gallery__item\"><img decoding=\"async\" srcset=\"https:\/\/i0.wp.com\/ablecentre.edu.vn\/wp-content\/uploads\/2020\/01\/Able-English-center-2500px-20-of-50-scaled.jpg?strip=info&#038;w=600&#038;ssl=1 600w,https:\/\/i0.wp.com\/ablecentre.edu.vn\/wp-content\/uploads\/2020\/01\/Able-English-center-2500px-20-of-50-scaled.jpg?strip=info&#038;w=900&#038;ssl=1 900w,https:\/\/i0.wp.com\/ablecentre.edu.vn\/wp-content\/uploads\/2020\/01\/Able-English-center-2500px-20-of-50-scaled.jpg?strip=info&#038;w=1200&#038;ssl=1 1200w,https:\/\/i0.wp.com\/ablecentre.edu.vn\/wp-content\/uploads\/2020\/01\/Able-English-center-2500px-20-of-50-scaled.jpg?strip=info&#038;w=1500&#038;ssl=1 1500w,https:\/\/i0.wp.com\/ablecentre.edu.vn\/wp-content\/uploads\/2020\/01\/Able-English-center-2500px-20-of-50-scaled.jpg?strip=info&#038;w=1800&#038;ssl=1 1800w,https:\/\/i0.wp.com\/ablecentre.edu.vn\/wp-content\/uploads\/2020\/01\/Able-English-center-2500px-20-of-50-scaled.jpg?strip=info&#038;w=2000&#038;ssl=1 2000w\" alt=\"\" data-height=\"1707\" data-id=\"314\" data-link=\"https:\/\/ablecentre.edu.vn\/?attachment_id=314\" data-url=\"https:\/\/ablecentre.edu.vn\/wp-content\/uploads\/2020\/01\/Able-English-center-2500px-20-of-50-scaled.jpg\" data-width=\"2560\" src=\"https:\/\/i0.wp.com\/ablecentre.edu.vn\/wp-content\/uploads\/2020\/01\/Able-English-center-2500px-20-of-50-scaled.jpg?ssl=1\"\/><\/figure><\/div><div class=\"tiled-gallery__col\"><figure class=\"tiled-gallery__item\"><img decoding=\"async\" srcset=\"https:\/\/i1.wp.com\/ablecentre.edu.vn\/wp-content\/uploads\/2020\/01\/Able-English-center-2500px-22-of-50-scaled.jpg?strip=info&#038;w=600&#038;ssl=1 600w,https:\/\/i1.wp.com\/ablecentre.edu.vn\/wp-content\/uploads\/2020\/01\/Able-English-center-2500px-22-of-50-scaled.jpg?strip=info&#038;w=900&#038;ssl=1 900w,https:\/\/i1.wp.com\/ablecentre.edu.vn\/wp-content\/uploads\/2020\/01\/Able-English-center-2500px-22-of-50-scaled.jpg?strip=info&#038;w=1200&#038;ssl=1 1200w,https:\/\/i1.wp.com\/ablecentre.edu.vn\/wp-content\/uploads\/2020\/01\/Able-English-center-2500px-22-of-50-scaled.jpg?strip=info&#038;w=1500&#038;ssl=1 1500w,https:\/\/i1.wp.com\/ablecentre.edu.vn\/wp-content\/uploads\/2020\/01\/Able-English-center-2500px-22-of-50-scaled.jpg?strip=info&#038;w=1800&#038;ssl=1 1800w,https:\/\/i1.wp.com\/ablecentre.edu.vn\/wp-content\/uploads\/2020\/01\/Able-English-center-2500px-22-of-50-scaled.jpg?strip=info&#038;w=2000&#038;ssl=1 2000w\" alt=\"\" data-height=\"1707\" data-id=\"316\" data-link=\"https:\/\/ablecentre.edu.vn\/?attachment_id=316\" data-url=\"https:\/\/ablecentre.edu.vn\/wp-content\/uploads\/2020\/01\/Able-English-center-2500px-22-of-50-scaled.jpg\" data-width=\"2560\" src=\"https:\/\/i1.wp.com\/ablecentre.edu.vn\/wp-content\/uploads\/2020\/01\/Able-English-center-2500px-22-of-50-scaled.jpg?ssl=1\"\/><\/figure><figure class=\"tiled-gallery__item\"><img decoding=\"async\" srcset=\"https:\/\/i1.wp.com\/ablecentre.edu.vn\/wp-content\/uploads\/2020\/01\/Able-English-center-2500px-23-of-50-scaled.jpg?strip=info&#038;w=600&#038;ssl=1 600w,https:\/\/i1.wp.com\/ablecentre.edu.vn\/wp-content\/uploads\/2020\/01\/Able-English-center-2500px-23-of-50-scaled.jpg?strip=info&#038;w=900&#038;ssl=1 900w,https:\/\/i1.wp.com\/ablecentre.edu.vn\/wp-content\/uploads\/2020\/01\/Able-English-center-2500px-23-of-50-scaled.jpg?strip=info&#038;w=1200&#038;ssl=1 1200w,https:\/\/i1.wp.com\/ablecentre.edu.vn\/wp-content\/uploads\/2020\/01\/Able-English-center-2500px-23-of-50-scaled.jpg?strip=info&#038;w=1500&#038;ssl=1 1500w,https:\/\/i1.wp.com\/ablecentre.edu.vn\/wp-content\/uploads\/2020\/01\/Able-English-center-2500px-23-of-50-scaled.jpg?strip=info&#038;w=1800&#038;ssl=1 1800w,https:\/\/i1.wp.com\/ablecentre.edu.vn\/wp-content\/uploads\/2020\/01\/Able-English-center-2500px-23-of-50-scaled.jpg?strip=info&#038;w=2000&#038;ssl=1 2000w\" alt=\"\" data-height=\"1707\" data-id=\"317\" data-link=\"https:\/\/ablecentre.edu.vn\/?attachment_id=317\" data-url=\"https:\/\/ablecentre.edu.vn\/wp-content\/uploads\/2020\/01\/Able-English-center-2500px-23-of-50-scaled.jpg\" data-width=\"2560\" src=\"https:\/\/i1.wp.com\/ablecentre.edu.vn\/wp-content\/uploads\/2020\/01\/Able-English-center-2500px-23-of-50-scaled.jpg?ssl=1\"\/><\/figure><\/div><\/div><div class=\"tiled-gallery__row\"><div class=\"tiled-gallery__col\"><figure class=\"tiled-gallery__item\"><img decoding=\"async\" srcset=\"https:\/\/i1.wp.com\/ablecentre.edu.vn\/wp-content\/uploads\/2020\/01\/Able-English-center-2500px-35-of-50-1.jpg?strip=info&#038;w=600&#038;ssl=1 600w,https:\/\/i1.wp.com\/ablecentre.edu.vn\/wp-content\/uploads\/2020\/01\/Able-English-center-2500px-35-of-50-1.jpg?strip=info&#038;w=900&#038;ssl=1 900w,https:\/\/i1.wp.com\/ablecentre.edu.vn\/wp-content\/uploads\/2020\/01\/Able-English-center-2500px-35-of-50-1.jpg?strip=info&#038;w=1200&#038;ssl=1 1200w,https:\/\/i1.wp.com\/ablecentre.edu.vn\/wp-content\/uploads\/2020\/01\/Able-English-center-2500px-35-of-50-1.jpg?strip=info&#038;w=1280&#038;ssl=1 1280w\" alt=\"\" data-height=\"853\" data-id=\"350\" data-link=\"https:\/\/ablecentre.edu.vn\/?attachment_id=350\" data-url=\"https:\/\/ablecentre.edu.vn\/wp-content\/uploads\/2020\/01\/Able-English-center-2500px-35-of-50-1.jpg\" data-width=\"1280\" src=\"https:\/\/i1.wp.com\/ablecentre.edu.vn\/wp-content\/uploads\/2020\/01\/Able-English-center-2500px-35-of-50-1.jpg?ssl=1\"\/><\/figure><\/div><div class=\"tiled-gallery__col\"><figure class=\"tiled-gallery__item\"><img decoding=\"async\" srcset=\"https:\/\/i0.wp.com\/ablecentre.edu.vn\/wp-content\/uploads\/2020\/01\/Able-English-center-2500px-36-of-50-scaled.jpg?strip=info&#038;w=600&#038;ssl=1 600w,https:\/\/i0.wp.com\/ablecentre.edu.vn\/wp-content\/uploads\/2020\/01\/Able-English-center-2500px-36-of-50-scaled.jpg?strip=info&#038;w=900&#038;ssl=1 900w,https:\/\/i0.wp.com\/ablecentre.edu.vn\/wp-content\/uploads\/2020\/01\/Able-English-center-2500px-36-of-50-scaled.jpg?strip=info&#038;w=1200&#038;ssl=1 1200w,https:\/\/i0.wp.com\/ablecentre.edu.vn\/wp-content\/uploads\/2020\/01\/Able-English-center-2500px-36-of-50-scaled.jpg?strip=info&#038;w=1500&#038;ssl=1 1500w,https:\/\/i0.wp.com\/ablecentre.edu.vn\/wp-content\/uploads\/2020\/01\/Able-English-center-2500px-36-of-50-scaled.jpg?strip=info&#038;w=1800&#038;ssl=1 1800w,https:\/\/i0.wp.com\/ablecentre.edu.vn\/wp-content\/uploads\/2020\/01\/Able-English-center-2500px-36-of-50-scaled.jpg?strip=info&#038;w=2000&#038;ssl=1 2000w\" alt=\"\" data-height=\"1707\" data-id=\"330\" data-link=\"https:\/\/ablecentre.edu.vn\/?attachment_id=330\" data-url=\"https:\/\/ablecentre.edu.vn\/wp-content\/uploads\/2020\/01\/Able-English-center-2500px-36-of-50-scaled.jpg\" data-width=\"2560\" src=\"https:\/\/i0.wp.com\/ablecentre.edu.vn\/wp-content\/uploads\/2020\/01\/Able-English-center-2500px-36-of-50-scaled.jpg?ssl=1\"\/><\/figure><\/div><\/div><\/div><\/div>\n","protected":false},"excerpt":{"rendered":"<p>&#8211; \u0110\u01b0\u1ee3c gi\u1ea3ng d\u1ea1y b\u1edfi c\u00e1c gi\u1ea3ng vi\u00ean c\u00f3 b\u1eb1ng c\u1ea5p, gi\u00e0u kinh nghi\u1ec7m v\u00e0 c\u00f3 h\u01a1n 2.000 gi\u1edd gi\u1ea3ng d\u1ea1y th\u1ef1c t\u1ebf. &#8211; \u0110\u01b0\u1ee3c tr\u1ea3i nghi\u1ec7m ph\u01b0\u01a1ng ph\u00e1p h\u1ecdc t\u1eadp vui v\u1ebb, th\u00e2n thi\u1ec7n v\u00e0 hi\u1ec7u qu\u1ea3, \u0111\u01b0\u1ee3c h\u1ed7 tr\u1ee3 b\u1edfi nh\u1eefng c\u00f4ng ngh\u1ec7 l\u1edbp h\u1ecdc ti\u00ean ti\u1ebfn. &#8211; \u0110\u01b0\u1ee3c h\u1ecdc c\u00e1ch x\u00e2y d\u1ef1ng [&hellip;]<\/p>\n","protected":false},"author":1,"featured_media":0,"parent":0,"menu_order":0,"comment_status":"closed","ping_status":"closed","template":"","meta":{"_exactmetrics_skip_tracking":false,"_exactmetrics_sitenote_active":false,"_exactmetrics_sitenote_note":"","_exactmetrics_sitenote_category":0,"footnotes":""},"class_list":["post-190","page","type-page","status-publish","hentry"],"jetpack_sharing_enabled":true,"_links":{"self":[{"href":"https:\/\/ablecentre.edu.vn\/index.php?rest_route=\/wp\/v2\/pages\/190","targetHints":{"allow":["GET"]}}],"collection":[{"href":"https:\/\/ablecentre.edu.vn\/index.php?rest_route=\/wp\/v2\/pages"}],"about":[{"href":"https:\/\/ablecentre.edu.vn\/index.php?rest_route=\/wp\/v2\/types\/page"}],"author":[{"embeddable":true,"href":"https:\/\/ablecentre.edu.vn\/index.php?rest_route=\/wp\/v2\/users\/1"}],"replies":[{"embeddable":true,"href":"https:\/\/ablecentre.edu.vn\/index.php?rest_route=%2Fwp%2Fv2%2Fcomments&post=190"}],"version-history":[{"count":4,"href":"https:\/\/ablecentre.edu.vn\/index.php?rest_route=\/wp\/v2\/pages\/190\/revisions"}],"predecessor-version":[{"id":415,"href":"https:\/\/ablecentre.edu.vn\/index.php?rest_route=\/wp\/v2\/pages\/190\/revisions\/415"}],"wp:attachment":[{"href":"https:\/\/ablecentre.edu.vn\/index.php?rest_route=%2Fwp%2Fv2%2Fmedia&parent=190"}],"curies":[{"name":"wp","href":"https:\/\/api.w.org\/{rel}","templated":true}]}}