{"id":192,"date":"2019-12-20T11:15:55","date_gmt":"2019-12-20T11:15:55","guid":{"rendered":"https:\/\/ablecentre.edu.vn\/?page_id=192"},"modified":"2020-02-28T03:29:55","modified_gmt":"2020-02-28T03:29:55","slug":"luyen-thi-chung-chi-ielts-toeic-toefl","status":"publish","type":"page","link":"https:\/\/ablecentre.edu.vn\/?page_id=192","title":{"rendered":"Luy\u1ec7n Thi Ch\u1ee9ng Ch\u1ec9 IELTS, TOEIC, TOEFL"},"content":{"rendered":"\n<div class=\"wp-block-group has-background\" style=\"background-color:#ececda\"><div class=\"wp-block-group__inner-container is-layout-flow wp-block-group-is-layout-flow\">\n<ul class=\"wp-block-list\"><li>\u0110\u1ed9i ng\u0169 gi\u00e1o vi\u00ean l\u00e0 ng\u01b0\u1eddi n\u00f3i ti\u1ebfng Anh b\u1ea3n x\u1ee9, t\u1eadn t\u00e2m, c\u00f3 tr\u00ecnh \u0111\u1ed9 chuy\u00ean m\u00f4n cao.<\/li><li>Ph\u01b0\u01a1ng ph\u00e1p gi\u1ea3ng d\u1ea1y t\u01b0\u01a1ng t\u00e1c th\u00f4ng qua c\u00e1c ho\u1ea1t \u0111\u1ed9ng vui nh\u1ed9n, th\u00fa v\u1ecb v\u1edbi gi\u00e1o tr\u00ecnh \u0111\u01b0\u1ee3c c\u1eadp nh\u1eadt nh\u1ea5t.<\/li><li>Ch\u01b0\u01a1ng tr\u00ecnh luy\u1ec7n thi ch\u1ee9ng ch\u1ec9 qu\u1ed1c t\u1ebf c\u1ee7a ILA \u0111\u01b0\u1ee3c bi\u00ean so\u1ea1n r\u1ea5t c\u00f4ng phu, nh\u1eb1m trang b\u1ecb ki\u1ebfn th\u1ee9c ho\u00e0n ch\u1ec9nh cho h\u1ecdc vi\u00ean tham d\u1ef1 k\u1ef3 thi l\u1ea5y ch\u1ee9ng ch\u1ec9 qu\u1ed1c t\u1ebf, gi\u00fap h\u1ecdc vi\u00ean \u0111\u1ea1t \u0111\u01b0\u1ee3c m\u1ee5c ti\u00eau mong mu\u1ed1n: IELTS 3.5 &#8211; 7.0+, TOEFL iBT 40 &#8211; 95+, TOEIC 400 &#8211; 750+<\/li><\/ul>\n\n\n\n<p>\u201cTheo quy \u0111\u1ecbnh c\u1ee7a Quy ch\u1ebf thi THPT Qu\u1ed1c gia, th\u00ed sinh c\u00f3 ch\u1ee9ng ch\u1ec9 Ti\u1ebfng Anh IELTS \u0111\u1ea1t y\u00eau c\u1ea7u t\u1ed1i thi\u1ec3u t\u1eeb 4.0 \u0111i\u1ec3m tr\u1edf l\u00ean do c\u00e1c \u0111\u01a1n v\u1ecb: British Council (BC) ho\u1eb7c Internationl Development Program (IDP) c\u1ea5p, c\u00f3 gi\u00e1 tr\u1ecb \u0111\u1ebfn ng\u00e0y 20\/6\/2017 \u0111\u01b0\u1ee3c mi\u1ec5n b\u00e0i thi ngo\u1ea1i ng\u1eef trong x\u00e9t c\u00f4ng nh\u1eadn t\u1ed1t nghi\u1ec7p THPT v\u00e0 \u0111\u01b0\u1ee3c t\u00ednh 10 \u0111i\u1ec3m cho b\u00e0i thi n\u00e0y \u0111\u1ec3 x\u00e9t c\u00f4ng nh\u1eadn t\u1ed1t nghi\u1ec7p THPT.<\/p>\n\n\n\n<p>Gi\u1ea5y t\u1edd \u0111\u1ec3 h\u01b0\u1edfng ch\u1ebf \u0111\u1ed9 \u01b0u ti\u00ean, khuy\u1ebfn kh\u00edch s\u1ebd n\u1ed9p trong h\u1ed3 s\u01a1 \u0111\u0103ng k\u00fd d\u1ef1 thi t\u1ea1i n\u01a1i th\u00ed sinh \u0111\u0103ng k\u00fd d\u1ef1 thi.\u201d<\/p>\n\n\n\n<p>Theo \u0111\u00f3, ch\u1ec9 c\u1ea7n n\u1eafm trong tay ch\u1ee9ng ch\u1ec9 IELTS t\u1eeb 4.0 c\u00e1c b\u1ea1n h\u1ecdc sinh THPT s\u1ebd \u0111\u01b0\u1ee3c mi\u1ec5n thi t\u1ed1t nghi\u1ec7p m\u00f4n ti\u1ebfng Anh, gi\u1ea3m b\u1edbt m\u1ed9t ph\u1ea7n g\u00e1nh n\u1eb7ng, \u00e1p l\u1ef1c thi c\u1eed \u0111\u1ec3 h\u01b0\u1edbng t\u1edbi nh\u1eefng m\u1ee5c ti\u00eau xa h\u01a1n.<\/p>\n\n\n\n<p>?&nbsp;Hi\u1ec7n nay c\u0169ng c\u00f3 r\u1ea5t nhi\u1ec1u tr\u01b0\u1eddng \u0110\u1ea1i h\u1ecdc \u1edf Vi\u1ec7t Nam s\u1eed d\u1ee5ng t\u1ea5m b\u1eb1ng n\u00e0y l\u00e0m m\u1ed9t trong nh\u1eefng ti\u00eau ch\u00ed x\u00e9t tuy\u1ec3n th\u1eb3ng.<\/p>\n\n\n\n<p>?&nbsp;C\u00f2n n\u1ebfu c\u00e1c b\u1ea1n \u0111ang \u1ea5p \u1ee7 m\u1ed9t gi\u1ea5c m\u01a1 DU H\u1eccC th\u00ec IELTS ho\u00e0n to\u00e0n l\u00e0 1 \u0111i\u1ec1u ki\u1ec7n b\u1eaft bu\u1ed9c cho t\u1ea5t c\u1ea3 c\u00e1c y\u00eau c\u1ea7u tuy\u1ec3n sinh c\u0169ng nh\u01b0 x\u00e9t h\u1ecdc c\u1ee7a c\u00e1c tr\u01b0\u1eddng tr\u00ean kh\u1eafp th\u1ebf gi\u1edbi.<\/p>\n\n\n\n<p>?&nbsp;Tr\u00ean \u0111\u00e2y \u0111\u1ec1u l\u00e0 nh\u1eefng l\u1ee3i th\u1ebf kh\u00f4ng ph\u1ea3i ai kh\u00e1c ngo\u1ea1i tr\u1eeb ng\u01b0\u1eddi h\u1ecdc IELTS c\u00f3 \u0111\u01b0\u1ee3c.<\/p>\n\n\n\n<p>?&nbsp;V\u00ec v\u1eady, \u0111\u1ea7u t\u01b0 v\u00e0o IELTS l\u00e0 m\u1ed9t h\u01b0\u1edbng \u0111i \u0111\u00fang \u0111\u1eafn v\u00e0 c\u1ea7n thi\u1ebft cho c\u00e1c b\u1ea1n h\u1ecdc sinh THPT.<\/p>\n\n\n\n<p>&#8211; \u0110\u1ed1i v\u1edbi nh\u00f3m l\u1edbp c\u01a1 b\u1ea3n, IELTS \u0110\u00ecnh Long ch\u00fang t\u00f4i cam k\u1ebft \u0111\u1ea7u ra t\u1ed1i thi\u1ec3u 5.0 \u0111i\u1ec3m. L\u1edbp n\u00e2ng cao cam k\u1ebft \u0111\u1ea7u ra 7.0<\/p>\n<\/div><\/div>\n\n\n\n<figure class=\"wp-block-image alignwide size-large\"><img loading=\"lazy\" decoding=\"async\" width=\"1024\" height=\"684\" src=\"https:\/\/ablecentre.edu.vn\/wp-content\/uploads\/2020\/02\/ielts-1024x684.png\" alt=\"\" class=\"wp-image-418\" srcset=\"https:\/\/ablecentre.edu.vn\/wp-content\/uploads\/2020\/02\/ielts-1024x684.png 1024w, https:\/\/ablecentre.edu.vn\/wp-content\/uploads\/2020\/02\/ielts-300x200.png 300w, https:\/\/ablecentre.edu.vn\/wp-content\/uploads\/2020\/02\/ielts-768x513.png 768w, https:\/\/ablecentre.edu.vn\/wp-content\/uploads\/2020\/02\/ielts.png 1160w\" sizes=\"auto, (max-width: 1024px) 100vw, 1024px\" \/><\/figure>\n\n\n\n<h2 class=\"has-text-color has-text-align-center wp-block-heading\" style=\"color:#ffffff\">C\u01a0 S\u1ede V\u1eacT CH\u1ea4T<\/h2>\n\n\n\n<figure class=\"wp-block-gallery alignwide columns-3 is-cropped wp-block-gallery-1 is-layout-flex wp-block-gallery-is-layout-flex\"><ul class=\"blocks-gallery-grid\"><li class=\"blocks-gallery-item\"><figure><img loading=\"lazy\" decoding=\"async\" width=\"1024\" height=\"682\" src=\"https:\/\/ablecentre.edu.vn\/wp-content\/uploads\/2020\/02\/Able-English-center-2500px-18-of-50-1024x682.jpg\" alt=\"\" data-id=\"391\" data-full-url=\"https:\/\/ablecentre.edu.vn\/wp-content\/uploads\/2020\/02\/Able-English-center-2500px-18-of-50.jpg\" data-link=\"https:\/\/ablecentre.edu.vn\/?attachment_id=391\" class=\"wp-image-391\" srcset=\"https:\/\/ablecentre.edu.vn\/wp-content\/uploads\/2020\/02\/Able-English-center-2500px-18-of-50-1024x682.jpg 1024w, https:\/\/ablecentre.edu.vn\/wp-content\/uploads\/2020\/02\/Able-English-center-2500px-18-of-50-300x200.jpg 300w, https:\/\/ablecentre.edu.vn\/wp-content\/uploads\/2020\/02\/Able-English-center-2500px-18-of-50-768x512.jpg 768w, https:\/\/ablecentre.edu.vn\/wp-content\/uploads\/2020\/02\/Able-English-center-2500px-18-of-50-1200x800.jpg 1200w, https:\/\/ablecentre.edu.vn\/wp-content\/uploads\/2020\/02\/Able-English-center-2500px-18-of-50.jpg 1280w\" sizes=\"auto, (max-width: 1024px) 100vw, 1024px\" \/><\/figure><\/li><li class=\"blocks-gallery-item\"><figure><img loading=\"lazy\" decoding=\"async\" width=\"1024\" height=\"682\" src=\"https:\/\/ablecentre.edu.vn\/wp-content\/uploads\/2020\/02\/Able-English-center-2500px-19-of-50-1024x682.jpg\" alt=\"\" data-id=\"392\" data-full-url=\"https:\/\/ablecentre.edu.vn\/wp-content\/uploads\/2020\/02\/Able-English-center-2500px-19-of-50.jpg\" data-link=\"https:\/\/ablecentre.edu.vn\/?attachment_id=392\" class=\"wp-image-392\" srcset=\"https:\/\/ablecentre.edu.vn\/wp-content\/uploads\/2020\/02\/Able-English-center-2500px-19-of-50-1024x682.jpg 1024w, https:\/\/ablecentre.edu.vn\/wp-content\/uploads\/2020\/02\/Able-English-center-2500px-19-of-50-300x200.jpg 300w, https:\/\/ablecentre.edu.vn\/wp-content\/uploads\/2020\/02\/Able-English-center-2500px-19-of-50-768x512.jpg 768w, https:\/\/ablecentre.edu.vn\/wp-content\/uploads\/2020\/02\/Able-English-center-2500px-19-of-50-1200x800.jpg 1200w, https:\/\/ablecentre.edu.vn\/wp-content\/uploads\/2020\/02\/Able-English-center-2500px-19-of-50.jpg 1280w\" sizes=\"auto, (max-width: 1024px) 100vw, 1024px\" \/><\/figure><\/li><li class=\"blocks-gallery-item\"><figure><img loading=\"lazy\" decoding=\"async\" width=\"1024\" height=\"683\" src=\"https:\/\/ablecentre.edu.vn\/wp-content\/uploads\/2020\/01\/Able-English-center-2500px-37-of-50-1024x683.jpg\" alt=\"\" data-id=\"331\" data-full-url=\"https:\/\/ablecentre.edu.vn\/wp-content\/uploads\/2020\/01\/Able-English-center-2500px-37-of-50-scaled.jpg\" data-link=\"https:\/\/ablecentre.edu.vn\/?attachment_id=331\" class=\"wp-image-331\" srcset=\"https:\/\/ablecentre.edu.vn\/wp-content\/uploads\/2020\/01\/Able-English-center-2500px-37-of-50-1024x683.jpg 1024w, https:\/\/ablecentre.edu.vn\/wp-content\/uploads\/2020\/01\/Able-English-center-2500px-37-of-50-300x200.jpg 300w, https:\/\/ablecentre.edu.vn\/wp-content\/uploads\/2020\/01\/Able-English-center-2500px-37-of-50-768x512.jpg 768w\" sizes=\"auto, (max-width: 1024px) 100vw, 1024px\" \/><\/figure><\/li><li class=\"blocks-gallery-item\"><figure><img loading=\"lazy\" decoding=\"async\" width=\"1024\" height=\"683\" src=\"https:\/\/ablecentre.edu.vn\/wp-content\/uploads\/2020\/01\/Able-English-center-2500px-35-of-50-1024x683.jpg\" alt=\"\" data-id=\"329\" data-full-url=\"https:\/\/ablecentre.edu.vn\/wp-content\/uploads\/2020\/01\/Able-English-center-2500px-35-of-50-scaled.jpg\" data-link=\"https:\/\/ablecentre.edu.vn\/?attachment_id=329\" class=\"wp-image-329\" srcset=\"https:\/\/ablecentre.edu.vn\/wp-content\/uploads\/2020\/01\/Able-English-center-2500px-35-of-50-1024x683.jpg 1024w, https:\/\/ablecentre.edu.vn\/wp-content\/uploads\/2020\/01\/Able-English-center-2500px-35-of-50-300x200.jpg 300w, https:\/\/ablecentre.edu.vn\/wp-content\/uploads\/2020\/01\/Able-English-center-2500px-35-of-50-768x512.jpg 768w\" sizes=\"auto, (max-width: 1024px) 100vw, 1024px\" \/><\/figure><\/li><\/ul><\/figure>\n","protected":false},"excerpt":{"rendered":"<p>\u0110\u1ed9i ng\u0169 gi\u00e1o vi\u00ean l\u00e0 ng\u01b0\u1eddi n\u00f3i ti\u1ebfng Anh b\u1ea3n x\u1ee9, t\u1eadn t\u00e2m, c\u00f3 tr\u00ecnh \u0111\u1ed9 chuy\u00ean m\u00f4n cao. Ph\u01b0\u01a1ng ph\u00e1p gi\u1ea3ng d\u1ea1y t\u01b0\u01a1ng t\u00e1c th\u00f4ng qua c\u00e1c ho\u1ea1t \u0111\u1ed9ng vui nh\u1ed9n, th\u00fa v\u1ecb v\u1edbi gi\u00e1o tr\u00ecnh \u0111\u01b0\u1ee3c c\u1eadp nh\u1eadt nh\u1ea5t. Ch\u01b0\u01a1ng tr\u00ecnh luy\u1ec7n thi ch\u1ee9ng ch\u1ec9 qu\u1ed1c t\u1ebf c\u1ee7a ILA \u0111\u01b0\u1ee3c bi\u00ean so\u1ea1n r\u1ea5t [&hellip;]<\/p>\n","protected":false},"author":1,"featured_media":0,"parent":0,"menu_order":0,"comment_status":"closed","ping_status":"closed","template":"","meta":{"_exactmetrics_skip_tracking":false,"_exactmetrics_sitenote_active":false,"_exactmetrics_sitenote_note":"","_exactmetrics_sitenote_category":0,"footnotes":""},"class_list":["post-192","page","type-page","status-publish","hentry"],"jetpack_sharing_enabled":true,"_links":{"self":[{"href":"https:\/\/ablecentre.edu.vn\/index.php?rest_route=\/wp\/v2\/pages\/192","targetHints":{"allow":["GET"]}}],"collection":[{"href":"https:\/\/ablecentre.edu.vn\/index.php?rest_route=\/wp\/v2\/pages"}],"about":[{"href":"https:\/\/ablecentre.edu.vn\/index.php?rest_route=\/wp\/v2\/types\/page"}],"author":[{"embeddable":true,"href":"https:\/\/ablecentre.edu.vn\/index.php?rest_route=\/wp\/v2\/users\/1"}],"replies":[{"embeddable":true,"href":"https:\/\/ablecentre.edu.vn\/index.php?rest_route=%2Fwp%2Fv2%2Fcomments&post=192"}],"version-history":[{"count":3,"href":"https:\/\/ablecentre.edu.vn\/index.php?rest_route=\/wp\/v2\/pages\/192\/revisions"}],"predecessor-version":[{"id":420,"href":"https:\/\/ablecentre.edu.vn\/index.php?rest_route=\/wp\/v2\/pages\/192\/revisions\/420"}],"wp:attachment":[{"href":"https:\/\/ablecentre.edu.vn\/index.php?rest_route=%2Fwp%2Fv2%2Fmedia&parent=192"}],"curies":[{"name":"wp","href":"https:\/\/api.w.org\/{rel}","templated":true}]}}