{"id":222,"date":"2019-12-20T12:21:18","date_gmt":"2019-12-20T12:21:18","guid":{"rendered":"https:\/\/ablecentre.edu.vn\/?page_id=222"},"modified":"2023-03-04T09:05:16","modified_gmt":"2023-03-04T09:05:16","slug":"gioi-thieu-chung","status":"publish","type":"page","link":"https:\/\/ablecentre.edu.vn\/?page_id=222","title":{"rendered":"Gi\u1edbi Thi\u1ec7u Chung"},"content":{"rendered":"\n<div class=\"wp-block-group has-background\" style=\"background-color:#ececda\"><div class=\"wp-block-group__inner-container is-layout-flow wp-block-group-is-layout-flow\">\n<p><strong>Cho M\u1ed9t Kh\u1edfi\n\u0110\u1ea7u T\u1ed1t \u0110\u1eb9p<\/strong><\/p>\n\n\n\n<p>Trung t\u00e2m ngo\u1ea1i ng\u1eef ph\u00e1t tri\u1ec3n Vi\u1ec7t M\u1ef9 l\u00e0 m\u1ed9t tr\u01b0\u1eddng gi\u00e1o d\u1ee5c v\u1ec1 gi\u1ea3ng d\u1ea1y ti\u1ebfng Anh, hu\u1ea5n luy\u1ec7n v\u00e0 du h\u1ecdc, \u0111\u01b0\u1ee3c S\u1edf Gi\u00e1o D\u1ee5c v\u00e0 \u0110\u00e0o T\u1ea1o T\u1ec9nh Long An c\u1ea5p ph\u00e9p. V\u1edbi \u0111\u1ed9i ng\u0169 gi\u00e1o vi\u00ean gi\u00e0u kinh ghi\u1ec7m c\u00f9ng ph\u01b0\u01a1ng ph\u00e1p gi\u1ea3ng d\u1ea1y chuy\u00ean nghi\u1ec7p s\u1ebd \u0111em \u0111\u1ebfn cho h\u1ecdc vi\u00ean k\u1ebft qu\u1ea3 h\u1ecdc t\u1eadp t\u1ed1t nh\u1ea5t.<\/p>\n\n\n\n<p><strong>T\u1ea1o\nb\u01b0\u1edbc kh\u1edfi \u0111\u1ea7u v\u1eefng ch\u1eafc<\/strong><\/p>\n\n\n\n<p>Trung t\u00e2m ngo\u1ea1i ng\u1eef ph\u00e1t tri\u1ec3n Vi\u1ec7t M\u1ef9 \u0111\u00e3 v\u00e0\n\u0111ang x\u00e2y d\u1ef1ng m\u1ed9t m\u00f4i tr\u01b0\u1eddng d\u1ea1y v\u00e0 h\u1ecdc ti\u1ebfng Anh \u0111\u1ea1t ti\u00eau chu\u1ea9n v\u1ec1 ch\u1ea5t l\u01b0\u1ee3ng\nd\u00e0nh cho h\u1ecdc vi\u00ean t\u1ea1i Vi\u1ec7t Nam. Ngo\u00e0i h\u1ecdc t\u1eadp ngo\u1ea1i ng\u1eef, vi\u1ec7c r\u00e8n luy\u1ec7n nh\u00e2n\nc\u00e1ch, k\u1ef9 n\u0103ng h\u1ed9i nh\u1eadp, k\u1ef9 n\u0103ng s\u1ed1ng, \u0111\u1ea1o \u0111\u1ee9c, t\u00e1c phong c\u0169ng \u0111\u01b0\u1ee3c ch\u00fa tr\u1ecdng\ntrong qu\u00e1 tr\u00ecnh \u0111\u00e0o t\u1ea1o, gi\u00fap c\u00e1c em ph\u00e1t tri\u1ec3n to\u00e0n di\u1ec7n.<\/p>\n\n\n\n<p>Trung t\u00e2m ngo\u1ea1i ng\u1eef ph\u00e1t tri\u1ec3n Vi\u1ec7t M\u1ef9 \u0111\u00e1p \u1ee9ng\nnh\u1eefng ti\u00eau ch\u00ed c\u01a1 b\u1ea3n c\u1ee7a m\u1ed9t tr\u01b0\u1eddng ngo\u1ea1i ng\u1eef h\u00e0ng \u0111\u1ea7u nh\u01b0: c\u01a1 s\u1edf v\u1eadt ch\u1ea5t, ch\u01b0\u01a1ng\ntr\u00ecnh h\u1ecdc, ph\u01b0\u01a1ng ph\u00e1p gi\u1ea3ng d\u1ea1y, m\u00f4i tr\u01b0\u1eddng h\u1ecdc t\u1eadp\u2026 \u0111\u1ec3 c\u00e1c b\u1eadc ph\u1ee5 huynh \u01b0u\nti\u00ean l\u1ef1a ch\u1ecdn. <\/p>\n\n\n\n<p>Ch\u00fang t\u00f4i \u00e1p d\u1ee5ng gi\u00e1o tr\u00ecnh c\u1ee7a nh\u00e0 xu\u1ea5t b\u1ea3n Cambridge,\nOxford, Macmillan, Longman, Cengage,\u2026 nh\u1eefng nh\u00e0 xu\u1ea5t b\u1ea3n s\u00e1ch h\u1ecdc ngo\u1ea1i ng\u1eef cho\nng\u01b0\u1eddi l\u1edbn, thi\u1ebfu nhi r\u1ea5t c\u00f3 uy t\u00edn. Gi\u00e1o tr\u00ecnh \u0111\u01b0\u1ee3c th\u1ef1c hi\u1ec7n theo y\u00eau c\u1ea7u l\u1eabn\nm\u1ee5c \u0111\u00edch c\u1ee7a Trung t\u00e2m, v\u1edbi nhi\u1ec1u n\u1ed9i dung phong ph\u00fa, ho\u1ea1t \u0111\u1ed9ng b\u1ed5 \u00edch v\u00e0 thi\u1ebft\nth\u1ef1c d\u00e0nh cho c\u00e1c h\u1ecdc vi\u00ean. Tr\u00ecnh t\u1ef1 ph\u00e2n b\u1ed5 t\u1eeb v\u1ef1ng, ng\u1eef ph\u00e1p r\u1ea5t h\u1ee3p l\u00fd. Gi\u00e1o\ntr\u00ecnh t\u01b0\u01a1ng th\u00edch v\u00e0 k\u1ebft n\u1ed1i \u0111\u01b0\u1ee3c v\u1edbi c\u00e1c k\u1ef3 thi ch\u1ee9ng ch\u1ec9 qu\u1ed1c gia v\u00e0 qu\u1ed1c t\u1ebf kh\u00e1c\nnhau nh\u01b0 Cambridge (Starters, Movers, Flyers), KET, PET, IELTS, TOEIC Bridge,\u2026 <\/p>\n\n\n\n<p>\u0110\u1ed9i ng\u0169 gi\u00e1o vi\u00ean t\u1ed1t nghi\u1ec7p t\u1eeb c\u00e1c tr\u01b0\u1eddng \u0110\u1ea1i\nH\u1ecdc uy t\u00edn trong v\u00e0 ngo\u00e0i n\u01b0\u1edbc, n\u1ed5i ti\u1ebfng t\u1eadn t\u00e2m, gi\u00e0u kinh nghi\u1ec7m trong c\u00f4ng\nt\u00e1c gi\u1ea3ng d\u1ea1y ti\u1ebfng Anh n\u1eafm v\u1eefng ph\u01b0\u01a1ng &nbsp;ph\u00e1p m\u1edbi, t\u1ea1o m\u00f4i tr\u01b0\u1eddng h\u1ecdc t\u1eadp lu\u00f4n sinh\n\u0111\u1ed9ng v\u00e0 hi\u1ec7u qu\u1ea3. Trung t\u00e2m ngo\u1ea1i ng\u1eef ph\u00e1t tri\u1ec3n Vi\u1ec7t M\u1ef9 ch\u00fa tr\u1ecdng \u0111\u1ebfn m\u1ed1i quan\nh\u1ec7 ch\u1eb7t ch\u1ebd gi\u1eefa Trung t\u00e2m v\u00e0 gia \u0111\u00ecnh \u0111\u1ec3 c\u00e1c b\u1eadc ph\u1ee5 huynh c\u00f3 th\u1ec3 theo d\u00f5i s\u00e1t\nsao vi\u1ec7c h\u1ecdc c\u1ee7a con em m\u00ecnh. C\u00e1c kh\u00f3a h\u1ecdc ti\u1ebfng Anh d\u00e0nh cho c\u00e1c b\u00e9 \u0111ang \u0111\u01b0\u1ee3c\nr\u1ea5t nhi\u1ec1u b\u1eadc ph\u1ee5 huynh quan t\u00e2m v\u00ec \u0111\u00e2y l\u00e0 \u0111\u1ed9 tu\u1ed5i \u0111\u01b0\u1ee3c c\u00e1c nh\u00e0 khoa h\u1ecdc x\u00e1c\n\u0111\u1ecbnh th\u00edch h\u1ee3p nh\u1ea5t \u0111\u1ec3 tr\u1ebb ph\u00e1t tri\u1ec3n kh\u1ea3 n\u0103ng ng\u00f4n ng\u1eef. C\u00e1c kh\u00f3a h\u1ecdc cho c\u00e1c\nb\u00e9 t\u1eeb 4 tu\u1ed5i \u0111\u1ebfn 16 tu\u1ed5i v\u00e0 c\u00e1c kh\u00f3a h\u1ecdc ti\u1ebfng Anh cho ng\u01b0\u1eddi l\u1edbn.<\/p>\n\n\n\n<p><strong>Nhi\u1ec1u ho\u1ea1t \u0111\u1ed9ng ngo\u1ea1i kh\u00f3a b\u1ed5 \u00edch<\/strong><\/p>\n\n\n\n<p>Trung t\u00e2m ngo\u1ea1i ng\u1eef ph\u00e1t tri\u1ec3n Vi\u1ec7t\nM\u1ef9 ch\u00fa tr\u1ecdng \u0111\u1ebfn c\u00e1c ho\u1ea1t \u0111\u1ed9ng ngo\u1ea1i kh\u00f3a nh\u1eb1m \u0111em \u0111\u1ebfn m\u1ed9t m\u00f4i tr\u01b0\u1eddng h\u1ecdc t\u1eadp\nhi\u1ec7u qu\u1ea3 v\u00e0 th\u00e2n thi\u1ec7n d\u00e0nh cho c\u00e1c h\u1ecdc vi\u00ean. <\/p>\n\n\n\n<p>Ch\u01b0\u01a1ng tr\u00ecnh giao l\u01b0u v\u1edbi h\u1ecdc sinh\nv\u00e0 sinh vi\u00ean qu\u1ed1c t\u1ebf \u0111\u01b0\u1ee3c t\u1ed5 ch\u1ee9c h\u00e0ng qu\u00fd, l\u00e0 c\u01a1 h\u1ed9i \u0111\u1ec3 c\u00e1c h\u1ecdc vi\u00ean c\u1ee7a trung\nt\u00e2m c\u00f3 d\u1ecbp th\u1ef1c h\u00e0nh ti\u1ebfng Anh v\u1edbi c\u00e1c sinh vi\u00ean n\u01b0\u1edbc ngo\u00e0i \u0111\u1ebfn t\u1eeb t\u1ed5 ch\u1ee9c qu\u1ed1c\nt\u1ebf. C\u00e1c \u0111\u1ec1 t\u00e0i th\u1ea3o lu\u1eadn xoay quanh c\u00e1c v\u1ea5n \u0111\u1ec1 n\u00f3ng c\u1ee7a x\u00e3 h\u1ed9i, c\u00e1c ho\u1ea1t \u0111\u1ed9ng\nt\u01b0\u01a1ng t\u00e1c gi\u00fap h\u1ecdc vi\u00ean ph\u1ea3n x\u1ea1 giao ti\u1ebfp ti\u1ebfng Anh. <\/p>\n\n\n\n<p>N\u1eb1m trong khu\u00f4n kh\u1ed5 c\u1ee7a c\u00e1c ho\u1ea1t \u0111\u1ed9ng\nngo\u1ea1i kh\u00f3a, <em>S\u00e2n\nch\u01a1i ti\u1ebfng Anh cu\u1ed1i tu\u1ea7n<\/em> \u0111ang \u0111\u01b0\u1ee3c r\u1ea5t\nnhi\u1ec1u h\u1ecdc vi\u00ean c\u1ee7a Trung t\u00e2m ngo\u1ea1i ng\u1eef ph\u00e1t tri\u1ec3n Vi\u1ec7t M\u1ef9-Able h\u00e0o h\u1ee9ng tham\ngia.<\/p>\n\n\n\n<p><strong>C\u00e1c \u0111i\u1ec3m n\u1ed5i b\u1eadt kh\u00e1c<\/strong><\/p>\n\n\n\n<p>\u0110\u01b0\u1ee3c trang b\u1ecb\nc\u00e1c thi\u1ebft b\u1ecb ph\u1ee5c v\u1ee5 cho vi\u1ec7c gi\u1ea3ng d\u1ea1y, h\u1ecdc t\u1eadp hi\u1ec7n \u0111\u1ea1i, \u0111\u1ea1t ti\u00eau chu\u1ea9n t\u1ed1t,\nmang l\u1ea1i c\u1ea3m gi\u00e1c tho\u1ea3i m\u00e1i cho c\u00e1c em h\u1ecdc t\u1eadp.<\/p>\n\n\n\n<p>\u0110\u1ed9i ng\u0169 gi\u00e1o\nvi\u00ean gi\u1ecfi, t\u1eadn t\u00e2m v\u00e0 gi\u00e0u kinh nghi\u1ec7m.<\/p>\n\n\n\n<p>Gi\u00e1o tr\u00ecnh m\u1edbi,\nph\u00f9 h\u1ee3p v\u1edbi \u0111\u1ed9 tu\u1ed5i, tr\u00ecnh \u0111\u1ed9, k\u1ebft n\u1ed1i \u0111\u01b0\u1ee3c v\u1edbi c\u00e1c ch\u1ee9ng ch\u1ec9 qu\u1ed1c gia v\u00e0 qu\u1ed1c t\u1ebf\n(<strong>Cambridge,\nTOEFL, TOEIC, IELTS\u2026).<\/strong><\/p>\n\n\n\n<p>\u0110\u1ed9i ng\u0169 nh\u00e2n\nvi\u00ean v\u00e0 gi\u00e1o vi\u00ean c\u1ee7a trung t\u00e2m s\u1eb5n s\u00e0ng h\u1ed7 tr\u1ee3 v\u00e0 t\u01b0 v\u1ea5n vi\u1ec7c h\u1ecdc v\u00e0 d\u1ea1y ti\u1ebfng\nAnh cho h\u1ecdc vi\u00ean m\u1ed9t c\u00e1ch chu \u0111\u00e1o, t\u1eadn t\u00ecnh.<\/p>\n\n\n\n<p>M\u00f4i tr\u01b0\u1eddng h\u1ecdc\nt\u1eadp th\u00e2n thi\u1ec7n, nhi\u1ec1u ho\u1ea1t \u0111\u1ed9ng h\u1ed7 tr\u1ee3 v\u00e0 ho\u1ea1t \u0111\u1ed9ng ngo\u1ea1i kh\u00f3a d\u00e0nh cho h\u1ecdc\nvi\u00ean.<\/p>\n\n\n\n<p><\/p>\n<\/div><\/div>\n\n\n\n<figure class=\"wp-block-gallery alignfull has-nested-images columns-default is-cropped wp-block-gallery-1 is-layout-flex wp-block-gallery-is-layout-flex\">\n<figure class=\"wp-block-image size-large\"><img loading=\"lazy\" decoding=\"async\" width=\"1024\" height=\"683\" data-id=\"475\" src=\"https:\/\/ablecentre.edu.vn\/wp-content\/uploads\/2020\/05\/TPI314Shoot-10-of-54-1-1024x683.jpg\" alt=\"\" class=\"wp-image-475\" srcset=\"https:\/\/ablecentre.edu.vn\/wp-content\/uploads\/2020\/05\/TPI314Shoot-10-of-54-1-1024x683.jpg 1024w, https:\/\/ablecentre.edu.vn\/wp-content\/uploads\/2020\/05\/TPI314Shoot-10-of-54-1-300x200.jpg 300w, https:\/\/ablecentre.edu.vn\/wp-content\/uploads\/2020\/05\/TPI314Shoot-10-of-54-1-768x512.jpg 768w\" sizes=\"auto, (max-width: 1024px) 100vw, 1024px\" \/><\/figure>\n\n\n\n<figure class=\"wp-block-image size-large\"><img loading=\"lazy\" decoding=\"async\" width=\"1024\" height=\"683\" data-id=\"466\" src=\"https:\/\/ablecentre.edu.vn\/wp-content\/uploads\/2020\/05\/TPI314Shoot-7-of-54-1024x683.jpg\" alt=\"\" class=\"wp-image-466\" srcset=\"https:\/\/ablecentre.edu.vn\/wp-content\/uploads\/2020\/05\/TPI314Shoot-7-of-54-1024x683.jpg 1024w, https:\/\/ablecentre.edu.vn\/wp-content\/uploads\/2020\/05\/TPI314Shoot-7-of-54-300x200.jpg 300w, https:\/\/ablecentre.edu.vn\/wp-content\/uploads\/2020\/05\/TPI314Shoot-7-of-54-768x512.jpg 768w, https:\/\/ablecentre.edu.vn\/wp-content\/uploads\/2020\/05\/TPI314Shoot-7-of-54-1536x1024.jpg 1536w, https:\/\/ablecentre.edu.vn\/wp-content\/uploads\/2020\/05\/TPI314Shoot-7-of-54-2048x1365.jpg 2048w, https:\/\/ablecentre.edu.vn\/wp-content\/uploads\/2020\/05\/TPI314Shoot-7-of-54-1200x800.jpg 1200w, https:\/\/ablecentre.edu.vn\/wp-content\/uploads\/2020\/05\/TPI314Shoot-7-of-54-1980x1320.jpg 1980w\" sizes=\"auto, (max-width: 1024px) 100vw, 1024px\" \/><\/figure>\n\n\n\n<figure class=\"wp-block-image size-large\"><img loading=\"lazy\" decoding=\"async\" width=\"1024\" height=\"683\" data-id=\"464\" src=\"https:\/\/ablecentre.edu.vn\/wp-content\/uploads\/2020\/05\/TPI314Shoot-30-of-54-1024x683.jpg\" alt=\"\" class=\"wp-image-464\" srcset=\"https:\/\/ablecentre.edu.vn\/wp-content\/uploads\/2020\/05\/TPI314Shoot-30-of-54-1024x683.jpg 1024w, https:\/\/ablecentre.edu.vn\/wp-content\/uploads\/2020\/05\/TPI314Shoot-30-of-54-300x200.jpg 300w, https:\/\/ablecentre.edu.vn\/wp-content\/uploads\/2020\/05\/TPI314Shoot-30-of-54-768x512.jpg 768w\" sizes=\"auto, (max-width: 1024px) 100vw, 1024px\" \/><\/figure>\n\n\n\n<figure class=\"wp-block-image size-large\"><img loading=\"lazy\" decoding=\"async\" width=\"1024\" height=\"683\" data-id=\"463\" src=\"https:\/\/ablecentre.edu.vn\/wp-content\/uploads\/2020\/05\/TPI314Shoot-29-of-54-1024x683.jpg\" alt=\"\" class=\"wp-image-463\" srcset=\"https:\/\/ablecentre.edu.vn\/wp-content\/uploads\/2020\/05\/TPI314Shoot-29-of-54-1024x683.jpg 1024w, https:\/\/ablecentre.edu.vn\/wp-content\/uploads\/2020\/05\/TPI314Shoot-29-of-54-300x200.jpg 300w, https:\/\/ablecentre.edu.vn\/wp-content\/uploads\/2020\/05\/TPI314Shoot-29-of-54-768x512.jpg 768w\" sizes=\"auto, (max-width: 1024px) 100vw, 1024px\" \/><\/figure>\n\n\n\n<figure class=\"wp-block-image size-large\"><img loading=\"lazy\" decoding=\"async\" width=\"1024\" height=\"683\" data-id=\"458\" src=\"https:\/\/ablecentre.edu.vn\/wp-content\/uploads\/2020\/05\/TPI314Shoot-1-of-54-1024x683.jpg\" alt=\"\" class=\"wp-image-458\" srcset=\"https:\/\/ablecentre.edu.vn\/wp-content\/uploads\/2020\/05\/TPI314Shoot-1-of-54-1024x683.jpg 1024w, https:\/\/ablecentre.edu.vn\/wp-content\/uploads\/2020\/05\/TPI314Shoot-1-of-54-300x200.jpg 300w, https:\/\/ablecentre.edu.vn\/wp-content\/uploads\/2020\/05\/TPI314Shoot-1-of-54-768x512.jpg 768w\" sizes=\"auto, (max-width: 1024px) 100vw, 1024px\" \/><\/figure>\n\n\n\n<figure class=\"wp-block-image size-large\"><img loading=\"lazy\" decoding=\"async\" width=\"1024\" height=\"683\" data-id=\"472\" src=\"https:\/\/ablecentre.edu.vn\/wp-content\/uploads\/2020\/05\/TPI314Shoot-12-of-54-1024x683.jpg\" alt=\"\" class=\"wp-image-472\" srcset=\"https:\/\/ablecentre.edu.vn\/wp-content\/uploads\/2020\/05\/TPI314Shoot-12-of-54-1024x683.jpg 1024w, https:\/\/ablecentre.edu.vn\/wp-content\/uploads\/2020\/05\/TPI314Shoot-12-of-54-300x200.jpg 300w, https:\/\/ablecentre.edu.vn\/wp-content\/uploads\/2020\/05\/TPI314Shoot-12-of-54-768x512.jpg 768w, https:\/\/ablecentre.edu.vn\/wp-content\/uploads\/2020\/05\/TPI314Shoot-12-of-54-1536x1024.jpg 1536w, https:\/\/ablecentre.edu.vn\/wp-content\/uploads\/2020\/05\/TPI314Shoot-12-of-54-2048x1365.jpg 2048w, https:\/\/ablecentre.edu.vn\/wp-content\/uploads\/2020\/05\/TPI314Shoot-12-of-54-1200x800.jpg 1200w, https:\/\/ablecentre.edu.vn\/wp-content\/uploads\/2020\/05\/TPI314Shoot-12-of-54-1980x1320.jpg 1980w\" sizes=\"auto, (max-width: 1024px) 100vw, 1024px\" \/><\/figure>\n\n\n\n<figure class=\"wp-block-image size-large\"><img loading=\"lazy\" decoding=\"async\" width=\"1024\" height=\"683\" data-id=\"470\" src=\"https:\/\/ablecentre.edu.vn\/wp-content\/uploads\/2020\/05\/TPI314Shoot-11-of-54-1024x683.jpg\" alt=\"\" class=\"wp-image-470\" srcset=\"https:\/\/ablecentre.edu.vn\/wp-content\/uploads\/2020\/05\/TPI314Shoot-11-of-54-1024x683.jpg 1024w, https:\/\/ablecentre.edu.vn\/wp-content\/uploads\/2020\/05\/TPI314Shoot-11-of-54-300x200.jpg 300w, https:\/\/ablecentre.edu.vn\/wp-content\/uploads\/2020\/05\/TPI314Shoot-11-of-54-768x512.jpg 768w, https:\/\/ablecentre.edu.vn\/wp-content\/uploads\/2020\/05\/TPI314Shoot-11-of-54-1536x1024.jpg 1536w, https:\/\/ablecentre.edu.vn\/wp-content\/uploads\/2020\/05\/TPI314Shoot-11-of-54-2048x1365.jpg 2048w, https:\/\/ablecentre.edu.vn\/wp-content\/uploads\/2020\/05\/TPI314Shoot-11-of-54-1200x800.jpg 1200w, https:\/\/ablecentre.edu.vn\/wp-content\/uploads\/2020\/05\/TPI314Shoot-11-of-54-1980x1320.jpg 1980w\" sizes=\"auto, (max-width: 1024px) 100vw, 1024px\" \/><\/figure>\n\n\n\n<figure class=\"wp-block-image size-large\"><img loading=\"lazy\" decoding=\"async\" width=\"1024\" height=\"683\" data-id=\"469\" src=\"https:\/\/ablecentre.edu.vn\/wp-content\/uploads\/2020\/05\/TPI314Shoot-10-of-54-1024x683.jpg\" alt=\"\" class=\"wp-image-469\" srcset=\"https:\/\/ablecentre.edu.vn\/wp-content\/uploads\/2020\/05\/TPI314Shoot-10-of-54-1024x683.jpg 1024w, https:\/\/ablecentre.edu.vn\/wp-content\/uploads\/2020\/05\/TPI314Shoot-10-of-54-300x200.jpg 300w, https:\/\/ablecentre.edu.vn\/wp-content\/uploads\/2020\/05\/TPI314Shoot-10-of-54-768x512.jpg 768w\" sizes=\"auto, (max-width: 1024px) 100vw, 1024px\" \/><\/figure>\n\n\n\n<figure class=\"wp-block-image size-large\"><img loading=\"lazy\" decoding=\"async\" width=\"1024\" height=\"683\" data-id=\"461\" src=\"https:\/\/ablecentre.edu.vn\/wp-content\/uploads\/2020\/05\/TPI314Shoot-28-of-54-1024x683.jpg\" alt=\"\" class=\"wp-image-461\" srcset=\"https:\/\/ablecentre.edu.vn\/wp-content\/uploads\/2020\/05\/TPI314Shoot-28-of-54-1024x683.jpg 1024w, https:\/\/ablecentre.edu.vn\/wp-content\/uploads\/2020\/05\/TPI314Shoot-28-of-54-300x200.jpg 300w, https:\/\/ablecentre.edu.vn\/wp-content\/uploads\/2020\/05\/TPI314Shoot-28-of-54-768x512.jpg 768w\" sizes=\"auto, (max-width: 1024px) 100vw, 1024px\" \/><\/figure>\n\n\n\n<figure class=\"wp-block-image size-large\"><img loading=\"lazy\" decoding=\"async\" width=\"1024\" height=\"683\" data-id=\"460\" src=\"https:\/\/ablecentre.edu.vn\/wp-content\/uploads\/2020\/05\/TPI314Shoot-4-of-54-1024x683.jpg\" alt=\"\" class=\"wp-image-460\" srcset=\"https:\/\/ablecentre.edu.vn\/wp-content\/uploads\/2020\/05\/TPI314Shoot-4-of-54-1024x683.jpg 1024w, https:\/\/ablecentre.edu.vn\/wp-content\/uploads\/2020\/05\/TPI314Shoot-4-of-54-300x200.jpg 300w, https:\/\/ablecentre.edu.vn\/wp-content\/uploads\/2020\/05\/TPI314Shoot-4-of-54-768x512.jpg 768w, https:\/\/ablecentre.edu.vn\/wp-content\/uploads\/2020\/05\/TPI314Shoot-4-of-54-1536x1024.jpg 1536w, https:\/\/ablecentre.edu.vn\/wp-content\/uploads\/2020\/05\/TPI314Shoot-4-of-54-2048x1365.jpg 2048w, https:\/\/ablecentre.edu.vn\/wp-content\/uploads\/2020\/05\/TPI314Shoot-4-of-54-1200x800.jpg 1200w, https:\/\/ablecentre.edu.vn\/wp-content\/uploads\/2020\/05\/TPI314Shoot-4-of-54-1980x1320.jpg 1980w\" sizes=\"auto, (max-width: 1024px) 100vw, 1024px\" \/><\/figure>\n\n\n\n<figure class=\"wp-block-image size-large\"><img loading=\"lazy\" decoding=\"async\" width=\"1024\" height=\"683\" data-id=\"468\" src=\"https:\/\/ablecentre.edu.vn\/wp-content\/uploads\/2020\/05\/TPI314Shoot-9-of-54-1024x683.jpg\" alt=\"\" class=\"wp-image-468\" srcset=\"https:\/\/ablecentre.edu.vn\/wp-content\/uploads\/2020\/05\/TPI314Shoot-9-of-54-1024x683.jpg 1024w, https:\/\/ablecentre.edu.vn\/wp-content\/uploads\/2020\/05\/TPI314Shoot-9-of-54-300x200.jpg 300w, https:\/\/ablecentre.edu.vn\/wp-content\/uploads\/2020\/05\/TPI314Shoot-9-of-54-768x512.jpg 768w\" sizes=\"auto, (max-width: 1024px) 100vw, 1024px\" \/><\/figure>\n\n\n\n<figure class=\"wp-block-image size-large\"><img loading=\"lazy\" decoding=\"async\" width=\"1024\" height=\"683\" data-id=\"467\" src=\"https:\/\/ablecentre.edu.vn\/wp-content\/uploads\/2020\/05\/TPI314Shoot-8-of-54-1024x683.jpg\" alt=\"\" class=\"wp-image-467\" srcset=\"https:\/\/ablecentre.edu.vn\/wp-content\/uploads\/2020\/05\/TPI314Shoot-8-of-54-1024x683.jpg 1024w, https:\/\/ablecentre.edu.vn\/wp-content\/uploads\/2020\/05\/TPI314Shoot-8-of-54-300x200.jpg 300w, https:\/\/ablecentre.edu.vn\/wp-content\/uploads\/2020\/05\/TPI314Shoot-8-of-54-768x512.jpg 768w\" sizes=\"auto, (max-width: 1024px) 100vw, 1024px\" \/><\/figure>\n\n\n\n<figure class=\"wp-block-image size-large\"><img loading=\"lazy\" decoding=\"async\" width=\"1024\" height=\"683\" data-id=\"459\" src=\"https:\/\/ablecentre.edu.vn\/wp-content\/uploads\/2020\/05\/TPI314Shoot-3-of-54-1024x683.jpg\" alt=\"\" class=\"wp-image-459\" srcset=\"https:\/\/ablecentre.edu.vn\/wp-content\/uploads\/2020\/05\/TPI314Shoot-3-of-54-1024x683.jpg 1024w, https:\/\/ablecentre.edu.vn\/wp-content\/uploads\/2020\/05\/TPI314Shoot-3-of-54-300x200.jpg 300w, https:\/\/ablecentre.edu.vn\/wp-content\/uploads\/2020\/05\/TPI314Shoot-3-of-54-768x512.jpg 768w, https:\/\/ablecentre.edu.vn\/wp-content\/uploads\/2020\/05\/TPI314Shoot-3-of-54-1536x1024.jpg 1536w, https:\/\/ablecentre.edu.vn\/wp-content\/uploads\/2020\/05\/TPI314Shoot-3-of-54-2048x1365.jpg 2048w, https:\/\/ablecentre.edu.vn\/wp-content\/uploads\/2020\/05\/TPI314Shoot-3-of-54-1200x800.jpg 1200w, https:\/\/ablecentre.edu.vn\/wp-content\/uploads\/2020\/05\/TPI314Shoot-3-of-54-1980x1320.jpg 1980w\" sizes=\"auto, (max-width: 1024px) 100vw, 1024px\" \/><\/figure>\n<\/figure>\n","protected":false},"excerpt":{"rendered":"<p>Cho M\u1ed9t Kh\u1edfi \u0110\u1ea7u T\u1ed1t \u0110\u1eb9p Trung t\u00e2m ngo\u1ea1i ng\u1eef ph\u00e1t tri\u1ec3n Vi\u1ec7t M\u1ef9 l\u00e0 m\u1ed9t tr\u01b0\u1eddng gi\u00e1o d\u1ee5c v\u1ec1 gi\u1ea3ng d\u1ea1y ti\u1ebfng Anh, hu\u1ea5n luy\u1ec7n v\u00e0 du h\u1ecdc, \u0111\u01b0\u1ee3c S\u1edf Gi\u00e1o D\u1ee5c v\u00e0 \u0110\u00e0o T\u1ea1o T\u1ec9nh Long An c\u1ea5p ph\u00e9p. V\u1edbi \u0111\u1ed9i ng\u0169 gi\u00e1o vi\u00ean gi\u00e0u kinh ghi\u1ec7m c\u00f9ng ph\u01b0\u01a1ng ph\u00e1p gi\u1ea3ng d\u1ea1y chuy\u00ean [&hellip;]<\/p>\n","protected":false},"author":1,"featured_media":0,"parent":0,"menu_order":0,"comment_status":"closed","ping_status":"closed","template":"","meta":{"_exactmetrics_skip_tracking":false,"_exactmetrics_sitenote_active":false,"_exactmetrics_sitenote_note":"","_exactmetrics_sitenote_category":0,"footnotes":""},"class_list":["post-222","page","type-page","status-publish","hentry"],"jetpack_sharing_enabled":true,"_links":{"self":[{"href":"https:\/\/ablecentre.edu.vn\/index.php?rest_route=\/wp\/v2\/pages\/222","targetHints":{"allow":["GET"]}}],"collection":[{"href":"https:\/\/ablecentre.edu.vn\/index.php?rest_route=\/wp\/v2\/pages"}],"about":[{"href":"https:\/\/ablecentre.edu.vn\/index.php?rest_route=\/wp\/v2\/types\/page"}],"author":[{"embeddable":true,"href":"https:\/\/ablecentre.edu.vn\/index.php?rest_route=\/wp\/v2\/users\/1"}],"replies":[{"embeddable":true,"href":"https:\/\/ablecentre.edu.vn\/index.php?rest_route=%2Fwp%2Fv2%2Fcomments&post=222"}],"version-history":[{"count":4,"href":"https:\/\/ablecentre.edu.vn\/index.php?rest_route=\/wp\/v2\/pages\/222\/revisions"}],"predecessor-version":[{"id":877,"href":"https:\/\/ablecentre.edu.vn\/index.php?rest_route=\/wp\/v2\/pages\/222\/revisions\/877"}],"wp:attachment":[{"href":"https:\/\/ablecentre.edu.vn\/index.php?rest_route=%2Fwp%2Fv2%2Fmedia&parent=222"}],"curies":[{"name":"wp","href":"https:\/\/api.w.org\/{rel}","templated":true}]}}