{"id":30,"date":"2019-12-11T04:09:33","date_gmt":"2019-12-11T04:09:33","guid":{"rendered":"https:\/\/ablecentre.edu.vn\/?page_id=30"},"modified":"2020-05-22T03:32:17","modified_gmt":"2020-05-22T03:32:17","slug":"lien-he","status":"publish","type":"page","link":"https:\/\/ablecentre.edu.vn\/?page_id=30","title":{"rendered":"C\u01a1 H\u00f4i Ngh\u1ec1 Nghi\u1ec7p"},"content":{"rendered":"\n<h2 class=\"has-text-color wp-block-heading\" style=\"color:#ffffff\"> <a href=\"https:\/\/ablecentre.edu.vn\/?page_id=354\">Tuy\u1ec3n D\u1ee5ng Gi\u00e1o Vi\u00ean N\u01b0\u1edbc Ngo\u00e0i v\u00e0 C\u00e1c V\u1ecb Tr\u00ed Gi\u00e1o V\u1ee5 <\/a><\/h2>\n\n\n\n<h2 class=\"has-text-color wp-block-heading\" style=\"color:#ffffff\"><a href=\"https:\/\/ablecentre.edu.vn\/?page_id=356\"> Tuy\u1ec3n D\u1ee5ng Nh\u00e2n Vi\u00ean <\/a><\/h2>\n<p>[awsmjobs]<\/p>","protected":false},"excerpt":{"rendered":"<p>Tuy\u1ec3n D\u1ee5ng Gi\u00e1o Vi\u00ean N\u01b0\u1edbc Ngo\u00e0i v\u00e0 C\u00e1c V\u1ecb Tr\u00ed Gi\u00e1o V\u1ee5 Tuy\u1ec3n D\u1ee5ng Nh\u00e2n Vi\u00ean [awsmjobs]<\/p>\n","protected":false},"author":1,"featured_media":0,"parent":34,"menu_order":0,"comment_status":"closed","ping_status":"closed","template":"","meta":{"_exactmetrics_skip_tracking":false,"_exactmetrics_sitenote_active":false,"_exactmetrics_sitenote_note":"","_exactmetrics_sitenote_category":0,"footnotes":""},"class_list":["post-30","page","type-page","status-publish","hentry"],"jetpack_sharing_enabled":true,"_links":{"self":[{"href":"https:\/\/ablecentre.edu.vn\/index.php?rest_route=\/wp\/v2\/pages\/30","targetHints":{"allow":["GET"]}}],"collection":[{"href":"https:\/\/ablecentre.edu.vn\/index.php?rest_route=\/wp\/v2\/pages"}],"about":[{"href":"https:\/\/ablecentre.edu.vn\/index.php?rest_route=\/wp\/v2\/types\/page"}],"author":[{"embeddable":true,"href":"https:\/\/ablecentre.edu.vn\/index.php?rest_route=\/wp\/v2\/users\/1"}],"replies":[{"embeddable":true,"href":"https:\/\/ablecentre.edu.vn\/index.php?rest_route=%2Fwp%2Fv2%2Fcomments&post=30"}],"version-history":[{"count":6,"href":"https:\/\/ablecentre.edu.vn\/index.php?rest_route=\/wp\/v2\/pages\/30\/revisions"}],"predecessor-version":[{"id":451,"href":"https:\/\/ablecentre.edu.vn\/index.php?rest_route=\/wp\/v2\/pages\/30\/revisions\/451"}],"up":[{"embeddable":true,"href":"https:\/\/ablecentre.edu.vn\/index.php?rest_route=\/wp\/v2\/pages\/34"}],"wp:attachment":[{"href":"https:\/\/ablecentre.edu.vn\/index.php?rest_route=%2Fwp%2Fv2%2Fmedia&parent=30"}],"curies":[{"name":"wp","href":"https:\/\/api.w.org\/{rel}","templated":true}]}}