{"id":655,"date":"2022-06-11T09:45:02","date_gmt":"2022-06-11T09:45:02","guid":{"rendered":"https:\/\/ablecentre.edu.vn\/?page_id=655"},"modified":"2023-02-15T12:49:11","modified_gmt":"2023-02-15T12:49:11","slug":"placement-test","status":"publish","type":"page","link":"https:\/\/ablecentre.edu.vn\/?page_id=655","title":{"rendered":"PLACEMENT TEST"},"content":{"rendered":"\n<p class=\"has-text-align-center has-larger-font-size\"><strong>KI\u1ec2M TRA \u0110\u1ea6U V\u00c0O<\/strong><\/p>\n\n\n\n<p class=\"has-text-align-center\"><strong>H\u00e3y ch\u1ecdn \u0111\u1ed9 tu\u1ed5i ph\u00f9 h\u1ee3p v\u1edbi b\u1ea1n \u0111\u1ec3 l\u00e0m b\u00e0i test \u0111\u1ea7u v\u00e0i t\u1ea1i trung t\u00e2m ABLE<\/strong><\/p>\n\n\n\n<h2 class=\"has-text-align-center wp-block-heading\">Multiple Choice Part ( Ph\u1ea7n Thi Tr\u1eafc Nghi\u1ec7m)<\/h2>\n\n\n\n<figure class=\"wp-block-gallery has-nested-images columns-default is-cropped wp-block-gallery-1 is-layout-flex wp-block-gallery-is-layout-flex\">\n<figure class=\"wp-block-image size-large\"><a href=\"https:\/\/able.flyer.us\/exam\/\"><img loading=\"lazy\" decoding=\"async\" width=\"500\" height=\"500\" data-id=\"804\" src=\"https:\/\/ablecentre.edu.vn\/wp-content\/uploads\/2022\/06\/young-learner-2.gif\" alt=\"\" class=\"wp-image-804\"\/><\/a><\/figure>\n\n\n\n<figure class=\"wp-block-image size-large\"><a href=\"https:\/\/able.flyer.us\/exam\/\"><img loading=\"lazy\" decoding=\"async\" width=\"500\" height=\"500\" data-id=\"806\" src=\"https:\/\/ablecentre.edu.vn\/wp-content\/uploads\/2022\/06\/general-english.gif\" alt=\"\" class=\"wp-image-806\"\/><\/a><\/figure>\n\n\n\n<figure class=\"wp-block-image size-large\"><a href=\"https:\/\/able.flyer.us\/exam\/\"><img loading=\"lazy\" decoding=\"async\" width=\"500\" height=\"500\" data-id=\"805\" src=\"https:\/\/ablecentre.edu.vn\/wp-content\/uploads\/2022\/06\/business-english.gif\" alt=\"\" class=\"wp-image-805\"\/><\/a><\/figure>\n<\/figure>\n\n\n\n<p>Please note:&nbsp;<em>Test Your English is not a Cambridge English exam and the test scores and levels are very approximate. Your score on this test cannot be used as proof of a formal language qualification<\/em>.<\/p>\n","protected":false},"excerpt":{"rendered":"<p>KI\u1ec2M TRA \u0110\u1ea6U V\u00c0O H\u00e3y ch\u1ecdn \u0111\u1ed9 tu\u1ed5i ph\u00f9 h\u1ee3p v\u1edbi b\u1ea1n \u0111\u1ec3 l\u00e0m b\u00e0i test \u0111\u1ea7u v\u00e0i t\u1ea1i trung t\u00e2m ABLE Multiple Choice Part ( Ph\u1ea7n Thi Tr\u1eafc Nghi\u1ec7m) Please note:&nbsp;Test Your English is not a Cambridge English exam and the test scores and levels are very approximate. Your score on this test cannot [&hellip;]<\/p>\n","protected":false},"author":1,"featured_media":0,"parent":0,"menu_order":0,"comment_status":"closed","ping_status":"closed","template":"templates\/template-full-width.php","meta":{"_exactmetrics_skip_tracking":false,"_exactmetrics_sitenote_active":false,"_exactmetrics_sitenote_note":"","_exactmetrics_sitenote_category":0,"footnotes":""},"class_list":["post-655","page","type-page","status-publish","hentry"],"jetpack_sharing_enabled":true,"_links":{"self":[{"href":"https:\/\/ablecentre.edu.vn\/index.php?rest_route=\/wp\/v2\/pages\/655","targetHints":{"allow":["GET"]}}],"collection":[{"href":"https:\/\/ablecentre.edu.vn\/index.php?rest_route=\/wp\/v2\/pages"}],"about":[{"href":"https:\/\/ablecentre.edu.vn\/index.php?rest_route=\/wp\/v2\/types\/page"}],"author":[{"embeddable":true,"href":"https:\/\/ablecentre.edu.vn\/index.php?rest_route=\/wp\/v2\/users\/1"}],"replies":[{"embeddable":true,"href":"https:\/\/ablecentre.edu.vn\/index.php?rest_route=%2Fwp%2Fv2%2Fcomments&post=655"}],"version-history":[{"count":13,"href":"https:\/\/ablecentre.edu.vn\/index.php?rest_route=\/wp\/v2\/pages\/655\/revisions"}],"predecessor-version":[{"id":862,"href":"https:\/\/ablecentre.edu.vn\/index.php?rest_route=\/wp\/v2\/pages\/655\/revisions\/862"}],"wp:attachment":[{"href":"https:\/\/ablecentre.edu.vn\/index.php?rest_route=%2Fwp%2Fv2%2Fmedia&parent=655"}],"curies":[{"name":"wp","href":"https:\/\/api.w.org\/{rel}","templated":true}]}}